{"id":7984,"date":"2014-01-27T09:15:20","date_gmt":"2014-01-27T08:15:20","guid":{"rendered":"http:\/\/mathiascederholm.com\/?page_id=7984"},"modified":"2020-11-04T14:53:50","modified_gmt":"2020-11-04T13:53:50","slug":"about-me-2","status":"publish","type":"page","link":"https:\/\/mathiascederholm.com\/en\/about-me-2\/","title":{"rendered":"About Me"},"content":{"rendered":"<div class=\"wpb-content-wrapper\"><p>[vc_row row_height_percent=&#8221;0&#8243; override_padding=&#8221;yes&#8221; h_padding=&#8221;7&#8243; top_padding=&#8221;5&#8243; bottom_padding=&#8221;5&#8243; overlay_alpha=&#8221;50&#8243; gutter_size=&#8221;3&#8243; column_width_percent=&#8221;100&#8243; shift_y=&#8221;0&#8243; z_index=&#8221;0&#8243;][vc_column width=&#8221;1\/2&#8243;][vc_column_text]<\/p>\n<p style=\"text-align: justify;\">Sometimes, it can take time to find your passion.<\/p>\n<p style=\"text-align: justify;\">Despite having a fun job and amazing collegues, something was stuck there, in the back of my mind, trying to catch my attention.\u00a0<\/p>\n<p>Without knowing what I was looking for, I decided to go deep and wide to find out.<\/p>\n<p>I packed my camera, a notebook and a pair of underwear and jumped on a plane heading east. India, Thailand, Laos, South Korea and onwards to Australia, the US and finally back to Europe and Sweden again.<\/p>\n<p>I was back where I had started, but not the same, as when I had started. I took off to explore the world and find something out there, I changed and grew as a person. In the end, that something found me.<\/p>\n<p>Back again, in 2011, I founded Mathias Cederholm Photography and set my eyes on making it on my own, not sure if I could do it for a year, or ten years. Or even if I would get any clients whatsover. I was, however, willing to give it a shot.<\/p>\n<p>In March 2013, I went All In as a full time photographer and business. The clients did come, and now, 9 years later, I&#8217;m still going.<\/p>\n<p>To tell stories, through images.<\/p>\n<p>Stories about You.<\/p>\n<hr \/>\n<p style=\"text-align: justify;\">Want to create something together?<\/p>\n<p style=\"text-align: justify;\">E-mail me at info@mathiascederholm.com or give me a call at +46 (70) 251 33 16<\/p>\n<p>[\/vc_column_text][\/vc_column][vc_column width=&#8221;1\/2&#8243;][vc_single_image media=&#8221;86696&#8243; caption=&#8221;yes&#8221; media_width_percent=&#8221;100&#8243; alignment=&#8221;right&#8221;][\/vc_column][\/vc_row]<\/p>\n<\/div>","protected":false},"excerpt":{"rendered":"<p>[vc_row row_height_percent=&#8221;0&#8243; override_padding=&#8221;yes&#8221; h_padding=&#8221;7&#8243; top_padding=&#8221;5&#8243; bottom_padding=&#8221;5&#8243; overlay_alpha=&#8221;50&#8243; gutter_size=&#8221;3&#8243; column_width_percent=&#8221;100&#8243; shift_y=&#8221;0&#8243; z_index=&#8221;0&#8243;][vc_column width=&#8221;1\/2&#8243;][vc_column_text] Sometimes, it can take time to find your [&hellip;]<\/p>\n","protected":false},"author":1,"featured_media":86662,"parent":0,"menu_order":0,"comment_status":"closed","ping_status":"closed","template":"","meta":{"_monsterinsights_skip_tracking":false,"_monsterinsights_sitenote_active":false,"_monsterinsights_sitenote_note":"","_monsterinsights_sitenote_category":0,"footnotes":""},"class_list":["post-7984","page","type-page","status-publish","has-post-thumbnail","hentry"],"yoast_head":"<!-- This site is optimized with the Yoast SEO plugin v27.4 - https:\/\/yoast.com\/product\/yoast-seo-wordpress\/ -->\n<title>About Me<\/title>\n<meta name=\"robots\" content=\"index, follow, max-snippet:-1, max-image-preview:large, max-video-preview:-1\" \/>\n<link rel=\"canonical\" href=\"https:\/\/mathiascederholm.com\/en\/about-me-2\/\" \/>\n<meta property=\"og:locale\" content=\"en_US\" \/>\n<meta property=\"og:type\" content=\"article\" \/>\n<meta property=\"og:title\" content=\"About Me\" \/>\n<meta property=\"og:description\" content=\"[vc_row row_height_percent=&#8221;0&#8243; override_padding=&#8221;yes&#8221; h_padding=&#8221;7&#8243; top_padding=&#8221;5&#8243; bottom_padding=&#8221;5&#8243; overlay_alpha=&#8221;50&#8243; gutter_size=&#8221;3&#8243; column_width_percent=&#8221;100&#8243; shift_y=&#8221;0&#8243; z_index=&#8221;0&#8243;][vc_column width=&#8221;1\/2&#8243;][vc_column_text] Sometimes, it can take time to find your [&hellip;]\" \/>\n<meta property=\"og:url\" content=\"https:\/\/mathiascederholm.com\/en\/about-me-2\/\" \/>\n<meta property=\"og:site_name\" content=\"Br\u00f6llopsfotograf Stockholm \/\/ Wedding Photographer Stockholm Mathias Cederholm\" \/>\n<meta property=\"article:publisher\" content=\"https:\/\/www.facebook.com\/Mathias-Cederholm-Photography-248750788503888\/?ref=hl\" \/>\n<meta property=\"article:modified_time\" content=\"2020-11-04T13:53:50+00:00\" \/>\n<meta property=\"og:image\" content=\"https:\/\/mathiascederholm.com\/wp-content\/uploads\/2020\/10\/Mathias-Cederholm-Bro\u0308llopsfotograf-Stockholm-Va\u0308stera\u030as-1002-1.jpg\" \/>\n\t<meta property=\"og:image:width\" content=\"2048\" \/>\n\t<meta property=\"og:image:height\" content=\"1171\" \/>\n\t<meta property=\"og:image:type\" content=\"image\/jpeg\" \/>\n<meta name=\"twitter:card\" content=\"summary_large_image\" \/>\n<meta name=\"twitter:site\" content=\"@m_cederholm\" \/>\n<meta name=\"twitter:label1\" content=\"Est. reading time\" \/>\n\t<meta name=\"twitter:data1\" content=\"1 minute\" \/>\n<script type=\"application\/ld+json\" class=\"yoast-schema-graph\">{\"@context\":\"https:\\\/\\\/schema.org\",\"@graph\":[{\"@type\":\"WebPage\",\"@id\":\"https:\\\/\\\/mathiascederholm.com\\\/en\\\/about-me-2\\\/\",\"url\":\"https:\\\/\\\/mathiascederholm.com\\\/en\\\/about-me-2\\\/\",\"name\":\"About Me\",\"isPartOf\":{\"@id\":\"https:\\\/\\\/mathiascederholm.com\\\/#website\"},\"primaryImageOfPage\":{\"@id\":\"https:\\\/\\\/mathiascederholm.com\\\/en\\\/about-me-2\\\/#primaryimage\"},\"image\":{\"@id\":\"https:\\\/\\\/mathiascederholm.com\\\/en\\\/about-me-2\\\/#primaryimage\"},\"thumbnailUrl\":\"https:\\\/\\\/mathiascederholm.com\\\/wp-content\\\/uploads\\\/2020\\\/10\\\/Mathias-Cederholm-Bro\u0308llopsfotograf-Stockholm-Va\u0308stera\u030as-1002-1.jpg\",\"datePublished\":\"2014-01-27T08:15:20+00:00\",\"dateModified\":\"2020-11-04T13:53:50+00:00\",\"breadcrumb\":{\"@id\":\"https:\\\/\\\/mathiascederholm.com\\\/en\\\/about-me-2\\\/#breadcrumb\"},\"inLanguage\":\"en-US\",\"potentialAction\":[{\"@type\":\"ReadAction\",\"target\":[\"https:\\\/\\\/mathiascederholm.com\\\/en\\\/about-me-2\\\/\"]}]},{\"@type\":\"ImageObject\",\"inLanguage\":\"en-US\",\"@id\":\"https:\\\/\\\/mathiascederholm.com\\\/en\\\/about-me-2\\\/#primaryimage\",\"url\":\"https:\\\/\\\/mathiascederholm.com\\\/wp-content\\\/uploads\\\/2020\\\/10\\\/Mathias-Cederholm-Bro\u0308llopsfotograf-Stockholm-Va\u0308stera\u030as-1002-1.jpg\",\"contentUrl\":\"https:\\\/\\\/mathiascederholm.com\\\/wp-content\\\/uploads\\\/2020\\\/10\\\/Mathias-Cederholm-Bro\u0308llopsfotograf-Stockholm-Va\u0308stera\u030as-1002-1.jpg\",\"width\":2048,\"height\":1171},{\"@type\":\"BreadcrumbList\",\"@id\":\"https:\\\/\\\/mathiascederholm.com\\\/en\\\/about-me-2\\\/#breadcrumb\",\"itemListElement\":[{\"@type\":\"ListItem\",\"position\":1,\"name\":\"Home\",\"item\":\"https:\\\/\\\/mathiascederholm.com\\\/en\\\/\"},{\"@type\":\"ListItem\",\"position\":2,\"name\":\"About Me\"}]},{\"@type\":\"WebSite\",\"@id\":\"https:\\\/\\\/mathiascederholm.com\\\/#website\",\"url\":\"https:\\\/\\\/mathiascederholm.com\\\/\",\"name\":\"Br\u00f6llopsfotograf Stockholm \\\/\\\/ Wedding Photographer Stockholm Mathias Cederholm\",\"description\":\"Br\u00f6llopsfotograf Stockholm - kreativa och moderna br\u00f6llopsfoton f\u00f6r par med stil. Foton som ber\u00e4ttar er historia och visar er k\u00e4rlek f\u00f6r varandra.\",\"publisher\":{\"@id\":\"https:\\\/\\\/mathiascederholm.com\\\/#organization\"},\"potentialAction\":[{\"@type\":\"SearchAction\",\"target\":{\"@type\":\"EntryPoint\",\"urlTemplate\":\"https:\\\/\\\/mathiascederholm.com\\\/?s={search_term_string}\"},\"query-input\":{\"@type\":\"PropertyValueSpecification\",\"valueRequired\":true,\"valueName\":\"search_term_string\"}}],\"inLanguage\":\"en-US\"},{\"@type\":\"Organization\",\"@id\":\"https:\\\/\\\/mathiascederholm.com\\\/#organization\",\"name\":\"Mathias Cederholm Br\u00f6llopsfotograf\",\"url\":\"https:\\\/\\\/mathiascederholm.com\\\/\",\"logo\":{\"@type\":\"ImageObject\",\"inLanguage\":\"en-US\",\"@id\":\"https:\\\/\\\/mathiascederholm.com\\\/#\\\/schema\\\/logo\\\/image\\\/\",\"url\":\"\",\"contentUrl\":\"\",\"caption\":\"Mathias Cederholm Br\u00f6llopsfotograf\"},\"image\":{\"@id\":\"https:\\\/\\\/mathiascederholm.com\\\/#\\\/schema\\\/logo\\\/image\\\/\"},\"sameAs\":[\"https:\\\/\\\/www.facebook.com\\\/Mathias-Cederholm-Photography-248750788503888\\\/?ref=hl\",\"https:\\\/\\\/x.com\\\/m_cederholm\"]}]}<\/script>\n<!-- \/ Yoast SEO plugin. -->","yoast_head_json":{"title":"About Me","robots":{"index":"index","follow":"follow","max-snippet":"max-snippet:-1","max-image-preview":"max-image-preview:large","max-video-preview":"max-video-preview:-1"},"canonical":"https:\/\/mathiascederholm.com\/en\/about-me-2\/","og_locale":"en_US","og_type":"article","og_title":"About Me","og_description":"[vc_row row_height_percent=&#8221;0&#8243; override_padding=&#8221;yes&#8221; h_padding=&#8221;7&#8243; top_padding=&#8221;5&#8243; bottom_padding=&#8221;5&#8243; overlay_alpha=&#8221;50&#8243; gutter_size=&#8221;3&#8243; column_width_percent=&#8221;100&#8243; shift_y=&#8221;0&#8243; z_index=&#8221;0&#8243;][vc_column width=&#8221;1\/2&#8243;][vc_column_text] Sometimes, it can take time to find your [&hellip;]","og_url":"https:\/\/mathiascederholm.com\/en\/about-me-2\/","og_site_name":"Br\u00f6llopsfotograf Stockholm \/\/ Wedding Photographer Stockholm Mathias Cederholm","article_publisher":"https:\/\/www.facebook.com\/Mathias-Cederholm-Photography-248750788503888\/?ref=hl","article_modified_time":"2020-11-04T13:53:50+00:00","og_image":[{"width":2048,"height":1171,"url":"https:\/\/mathiascederholm.com\/wp-content\/uploads\/2020\/10\/Mathias-Cederholm-Bro\u0308llopsfotograf-Stockholm-Va\u0308stera\u030as-1002-1.jpg","type":"image\/jpeg"}],"twitter_card":"summary_large_image","twitter_site":"@m_cederholm","twitter_misc":{"Est. reading time":"1 minute"},"schema":{"@context":"https:\/\/schema.org","@graph":[{"@type":"WebPage","@id":"https:\/\/mathiascederholm.com\/en\/about-me-2\/","url":"https:\/\/mathiascederholm.com\/en\/about-me-2\/","name":"About Me","isPartOf":{"@id":"https:\/\/mathiascederholm.com\/#website"},"primaryImageOfPage":{"@id":"https:\/\/mathiascederholm.com\/en\/about-me-2\/#primaryimage"},"image":{"@id":"https:\/\/mathiascederholm.com\/en\/about-me-2\/#primaryimage"},"thumbnailUrl":"https:\/\/mathiascederholm.com\/wp-content\/uploads\/2020\/10\/Mathias-Cederholm-Bro\u0308llopsfotograf-Stockholm-Va\u0308stera\u030as-1002-1.jpg","datePublished":"2014-01-27T08:15:20+00:00","dateModified":"2020-11-04T13:53:50+00:00","breadcrumb":{"@id":"https:\/\/mathiascederholm.com\/en\/about-me-2\/#breadcrumb"},"inLanguage":"en-US","potentialAction":[{"@type":"ReadAction","target":["https:\/\/mathiascederholm.com\/en\/about-me-2\/"]}]},{"@type":"ImageObject","inLanguage":"en-US","@id":"https:\/\/mathiascederholm.com\/en\/about-me-2\/#primaryimage","url":"https:\/\/mathiascederholm.com\/wp-content\/uploads\/2020\/10\/Mathias-Cederholm-Bro\u0308llopsfotograf-Stockholm-Va\u0308stera\u030as-1002-1.jpg","contentUrl":"https:\/\/mathiascederholm.com\/wp-content\/uploads\/2020\/10\/Mathias-Cederholm-Bro\u0308llopsfotograf-Stockholm-Va\u0308stera\u030as-1002-1.jpg","width":2048,"height":1171},{"@type":"BreadcrumbList","@id":"https:\/\/mathiascederholm.com\/en\/about-me-2\/#breadcrumb","itemListElement":[{"@type":"ListItem","position":1,"name":"Home","item":"https:\/\/mathiascederholm.com\/en\/"},{"@type":"ListItem","position":2,"name":"About Me"}]},{"@type":"WebSite","@id":"https:\/\/mathiascederholm.com\/#website","url":"https:\/\/mathiascederholm.com\/","name":"Br\u00f6llopsfotograf Stockholm \/\/ Wedding Photographer Stockholm Mathias Cederholm","description":"Br\u00f6llopsfotograf Stockholm - kreativa och moderna br\u00f6llopsfoton f\u00f6r par med stil. Foton som ber\u00e4ttar er historia och visar er k\u00e4rlek f\u00f6r varandra.","publisher":{"@id":"https:\/\/mathiascederholm.com\/#organization"},"potentialAction":[{"@type":"SearchAction","target":{"@type":"EntryPoint","urlTemplate":"https:\/\/mathiascederholm.com\/?s={search_term_string}"},"query-input":{"@type":"PropertyValueSpecification","valueRequired":true,"valueName":"search_term_string"}}],"inLanguage":"en-US"},{"@type":"Organization","@id":"https:\/\/mathiascederholm.com\/#organization","name":"Mathias Cederholm Br\u00f6llopsfotograf","url":"https:\/\/mathiascederholm.com\/","logo":{"@type":"ImageObject","inLanguage":"en-US","@id":"https:\/\/mathiascederholm.com\/#\/schema\/logo\/image\/","url":"","contentUrl":"","caption":"Mathias Cederholm Br\u00f6llopsfotograf"},"image":{"@id":"https:\/\/mathiascederholm.com\/#\/schema\/logo\/image\/"},"sameAs":["https:\/\/www.facebook.com\/Mathias-Cederholm-Photography-248750788503888\/?ref=hl","https:\/\/x.com\/m_cederholm"]}]}},"jetpack_shortlink":"https:\/\/wp.me\/P5p9H9-24M","jetpack_sharing_enabled":true,"_links":{"self":[{"href":"https:\/\/mathiascederholm.com\/en\/wp-json\/wp\/v2\/pages\/7984","targetHints":{"allow":["GET"]}}],"collection":[{"href":"https:\/\/mathiascederholm.com\/en\/wp-json\/wp\/v2\/pages"}],"about":[{"href":"https:\/\/mathiascederholm.com\/en\/wp-json\/wp\/v2\/types\/page"}],"author":[{"embeddable":true,"href":"https:\/\/mathiascederholm.com\/en\/wp-json\/wp\/v2\/users\/1"}],"replies":[{"embeddable":true,"href":"https:\/\/mathiascederholm.com\/en\/wp-json\/wp\/v2\/comments?post=7984"}],"version-history":[{"count":35,"href":"https:\/\/mathiascederholm.com\/en\/wp-json\/wp\/v2\/pages\/7984\/revisions"}],"predecessor-version":[{"id":86992,"href":"https:\/\/mathiascederholm.com\/en\/wp-json\/wp\/v2\/pages\/7984\/revisions\/86992"}],"wp:featuredmedia":[{"embeddable":true,"href":"https:\/\/mathiascederholm.com\/en\/wp-json\/wp\/v2\/media\/86662"}],"wp:attachment":[{"href":"https:\/\/mathiascederholm.com\/en\/wp-json\/wp\/v2\/media?parent=7984"}],"curies":[{"name":"wp","href":"https:\/\/api.w.org\/{rel}","templated":true}]}}