{"id":86742,"date":"2017-05-15T11:53:55","date_gmt":"2017-05-15T09:53:55","guid":{"rendered":"https:\/\/mathiascederholm.com\/brollopsfotograf-stockholm-2\/"},"modified":"2020-11-04T12:34:22","modified_gmt":"2020-11-04T11:34:22","slug":"brollopsfotograf-stockholm-2","status":"publish","type":"page","link":"https:\/\/mathiascederholm.com\/en\/","title":{"rendered":"Wedding Photographer Stockholm | Mathias Cederholm"},"content":{"rendered":"<div class=\"wpb-content-wrapper\"><p>[vc_row row_height_percent=&#8221;0&#8243; override_padding=&#8221;yes&#8221; h_padding=&#8221;0&#8243; top_padding=&#8221;0&#8243; bottom_padding=&#8221;0&#8243; overlay_alpha=&#8221;50&#8243; gutter_size=&#8221;0&#8243; column_width_percent=&#8221;100&#8243; shift_y=&#8221;0&#8243; z_index=&#8221;0&#8243;][vc_column column_width_percent=&#8221;100&#8243; gutter_size=&#8221;3&#8243; overlay_alpha=&#8221;50&#8243; shift_x=&#8221;0&#8243; shift_y=&#8221;0&#8243; shift_y_down=&#8221;0&#8243; z_index=&#8221;0&#8243; medium_width=&#8221;0&#8243; mobile_width=&#8221;0&#8243; width=&#8221;1\/1&#8243;][vc_single_image media=&#8221;86665&#8243; media_width_percent=&#8221;100&#8243; media_ratio=&#8221;four-three&#8221; alignment=&#8221;center&#8221;][\/vc_column][\/vc_row][vc_row row_height_percent=&#8221;0&#8243; overlay_alpha=&#8221;50&#8243; gutter_size=&#8221;3&#8243; column_width_percent=&#8221;80&#8243; shift_y=&#8221;0&#8243; z_index=&#8221;0&#8243;][vc_column column_width_percent=&#8221;50&#8243; gutter_size=&#8221;3&#8243; expand_height=&#8221;yes&#8221; overlay_alpha=&#8221;50&#8243; shift_x=&#8221;0&#8243; shift_y=&#8221;0&#8243; shift_y_down=&#8221;0&#8243; z_index=&#8221;0&#8243; medium_width=&#8221;0&#8243; mobile_width=&#8221;0&#8243; width=&#8221;1\/1&#8243;][vc_empty_space empty_h=&#8221;3&#8243;][vc_custom_heading text_weight=&#8221;200&#8243; text_italic=&#8221;yes&#8221;]<span style=\"color: #000000;\">No matter if you get married in a castle or in a countryside cottage. Whether your wedding is big or small &#8211; I will be there.<\/span><\/p>\n<p>[\/vc_custom_heading][vc_empty_space empty_h=&#8221;4&#8243;][\/vc_column][\/vc_row][vc_row row_height_percent=&#8221;70&#8243; override_padding=&#8221;yes&#8221; h_padding=&#8221;2&#8243; top_padding=&#8221;2&#8243; bottom_padding=&#8221;2&#8243; back_image=&#8221;86659&#8243; overlay_alpha=&#8221;0&#8243; gutter_size=&#8221;3&#8243; column_width_percent=&#8221;60&#8243; shift_y=&#8221;0&#8243; z_index=&#8221;0&#8243;][vc_column column_width_percent=&#8221;80&#8243; position_vertical=&#8221;middle&#8221; gutter_size=&#8221;3&#8243; override_padding=&#8221;yes&#8221; column_padding=&#8221;3&#8243; overlay_color=&#8221;color-nhtu&#8221; overlay_alpha=&#8221;60&#8243; shift_x=&#8221;0&#8243; shift_y=&#8221;0&#8243; shift_y_down=&#8221;0&#8243; z_index=&#8221;0&#8243; medium_width=&#8221;0&#8243; mobile_width=&#8221;0&#8243; width=&#8221;1\/1&#8243;][vc_custom_heading]<span style=\"color: #ffffff;\">Wedding Photographer Stockholm V\u00e4ster\u00e5s<\/span><\/p>\n<p>[\/vc_custom_heading][vc_column_text]<\/p>\n<div class=\"page\" title=\"Page 2\">\n<div class=\"layoutArea\">\n<div class=\"column\">\n<p><span style=\"color: #ffffff;\">What do you want to remember twenty years from now?<\/span><\/p>\n<p><span style=\"color: #ffffff;\">I still remember that our wedding officiant was late to our ceremony. But we didn\u2019t care, because we had all the time in the world. We were surrounded by people we love, we did our thing, made our own choices and decided to skip all the stuff we didn\u2019t care about. We were relaxed, happy and that is what we see in our photos from the day.<\/span><\/p>\n<p><span style=\"color: #ffffff;\">This is why I shoot wedding. To capture these emotions and memories, so that you too can remem- ber how beautiful and fun it was.<\/span><br \/>\n<span style=\"color: #ffffff;\">No matter if you choose to get married in a castle or in a barn, if you go for the grand or the simple, my approach is still the same. I will be there to capture what happens &#8211; the authentic and true.<\/span><\/p>\n<p><span style=\"color: #ffffff;\">A story of your day.<\/span><\/p>\n<\/div>\n<\/div>\n<\/div>\n<p>[\/vc_column_text][\/vc_column][\/vc_row][vc_row row_height_percent=&#8221;0&#8243; override_padding=&#8221;yes&#8221; h_padding=&#8221;0&#8243; top_padding=&#8221;0&#8243; bottom_padding=&#8221;0&#8243; overlay_alpha=&#8221;50&#8243; gutter_size=&#8221;3&#8243; column_width_percent=&#8221;100&#8243; shift_y=&#8221;0&#8243; z_index=&#8221;0&#8243;][vc_column column_width_percent=&#8221;100&#8243; position_vertical=&#8221;middle&#8221; align_horizontal=&#8221;align_center&#8221; gutter_size=&#8221;3&#8243; overlay_alpha=&#8221;50&#8243; shift_x=&#8221;0&#8243; shift_y=&#8221;0&#8243; shift_y_down=&#8221;0&#8243; z_index=&#8221;0&#8243; medium_width=&#8221;0&#8243; mobile_width=&#8221;0&#8243; width=&#8221;1\/1&#8243;][vc_single_image media=&#8221;86946&#8243; media_width_percent=&#8221;75&#8243; alignment=&#8221;center&#8221;][\/vc_column][\/vc_row][vc_row row_height_percent=&#8221;0&#8243; override_padding=&#8221;yes&#8221; h_padding=&#8221;2&#8243; top_padding=&#8221;3&#8243; bottom_padding=&#8221;3&#8243; back_color=&#8221;color-nhtu&#8221; overlay_alpha=&#8221;50&#8243; gutter_size=&#8221;3&#8243; column_width_percent=&#8221;80&#8243; shift_y=&#8221;0&#8243; z_index=&#8221;0&#8243;][vc_column column_width_percent=&#8221;60&#8243; position_vertical=&#8221;middle&#8221; gutter_size=&#8221;3&#8243; override_padding=&#8221;yes&#8221; column_padding=&#8221;3&#8243; overlay_alpha=&#8221;50&#8243; shift_x=&#8221;0&#8243; shift_y=&#8221;0&#8243; shift_y_down=&#8221;0&#8243; z_index=&#8221;0&#8243; medium_width=&#8221;0&#8243; mobile_width=&#8221;0&#8243; width=&#8221;1\/1&#8243;][vc_custom_heading]<span style=\"color: #ffffff;\">Relaxed. Natural. Authentic.<\/span>[\/vc_custom_heading][vc_column_text]<\/p>\n<div class=\"page\" title=\"Page 2\">\n<div class=\"layoutArea\">\n<div class=\"column\">\n<div class=\"page\" title=\"Page 3\">\n<div class=\"layoutArea\">\n<div class=\"column\">\n<div class=\"page\" title=\"Page 3\">\n<div class=\"layoutArea\">\n<div class=\"column\">\n<p><span style=\"color: #ffffff;\">No matter what size or length of your wedding, I always aim to tell a story of your day. I want to capture the astmosphere as you get ready, the ceremony, guests and big events as well as the tiny mo- ments, details and the blast when you rock the dance floor.<\/span><br \/>\n<span style=\"color: #ffffff;\">You simply have to decide when you want me to be there to start.<\/span><\/p>\n<p><span style=\"color: #ffffff;\">If you do not know today how long things will last, I offer an unlimited full day package that starts when you are getting ready and ends when the party is in full swing and the mood of the whole day is captured. This way, you do not have to plan ahead and guess what will happen. I will be there to get those moments you didn\u2019t think of, but that you will still remember in ten or thirty years.<\/span><\/p>\n<\/div>\n<\/div>\n<\/div>\n<\/div>\n<\/div>\n<\/div>\n<\/div>\n<\/div>\n<\/div>\n<p>[\/vc_column_text][\/vc_column][\/vc_row][vc_row unlock_row_content=&#8221;yes&#8221; row_height_percent=&#8221;0&#8243; override_padding=&#8221;yes&#8221; h_padding=&#8221;0&#8243; top_padding=&#8221;3&#8243; bottom_padding=&#8221;3&#8243; overlay_alpha=&#8221;50&#8243; gutter_size=&#8221;2&#8243; column_width_percent=&#8221;100&#8243; shift_y=&#8221;0&#8243; z_index=&#8221;0&#8243;][vc_column column_width_percent=&#8221;100&#8243; position_vertical=&#8221;bottom&#8221; align_horizontal=&#8221;align_center&#8221; gutter_size=&#8221;4&#8243; overlay_alpha=&#8221;50&#8243; shift_x=&#8221;0&#8243; shift_y=&#8221;0&#8243; shift_y_down=&#8221;0&#8243; z_index=&#8221;0&#8243; medium_width=&#8221;0&#8243; mobile_width=&#8221;0&#8243; width=&#8221;1\/1&#8243;][vc_custom_heading heading_semantic=&#8221;h1&#8243; text_size=&#8221;h1&#8243; separator=&#8221;yes&#8221; separator_color=&#8221;yes&#8221;]Portfolio<\/p>\n<p>[\/vc_custom_heading][uncode_index el_id=&#8221;index-819533283&#8243; isotope_mode=&#8221;fitRows&#8221; loop=&#8221;size:8|order_by:rand|post_type:post,portfolio|categories:454|taxonomy_count:10&#8243; gutter_size=&#8221;1&#8243; post_items=&#8221;media|featured|onpost|poster,title,text|excerpt|90&#8243; portfolio_items=&#8221;media|featured|onpost|original,title&#8221; screen_lg=&#8221;1200&#8243; screen_md=&#8221;600&#8243; screen_sm=&#8221;480&#8243; single_text=&#8221;overlay&#8221; single_width=&#8221;3&#8243; images_size=&#8221;four-three&#8221; single_overlay_color=&#8221;color-wayh&#8221; single_overlay_opacity=&#8221;50&#8243; single_image_anim=&#8221;no&#8221; single_h_align=&#8221;center&#8221; single_padding=&#8221;2&#8243; single_title_dimension=&#8221;h5&#8243; single_border=&#8221;yes&#8221; single_css_animation=&#8221;bottom-t-top&#8221; single_animation_delay=&#8221;200&#8243;][\/vc_column][\/vc_row][vc_row row_height_percent=&#8221;0&#8243; override_padding=&#8221;yes&#8221; h_padding=&#8221;2&#8243; top_padding=&#8221;2&#8243; bottom_padding=&#8221;3&#8243; overlay_alpha=&#8221;50&#8243; gutter_size=&#8221;3&#8243; column_width_percent=&#8221;60&#8243; shift_y=&#8221;0&#8243; z_index=&#8221;0&#8243;][vc_column column_width_percent=&#8221;80&#8243; position_vertical=&#8221;middle&#8221; align_horizontal=&#8221;align_center&#8221; gutter_size=&#8221;3&#8243; overlay_alpha=&#8221;50&#8243; shift_x=&#8221;0&#8243; shift_y=&#8221;0&#8243; shift_y_down=&#8221;0&#8243; z_index=&#8221;0&#8243; medium_width=&#8221;0&#8243; mobile_width=&#8221;0&#8243; width=&#8221;1\/1&#8243;][vc_row_inner limit_content=&#8221;&#8221;][vc_column_inner column_width_percent=&#8221;100&#8243; position_vertical=&#8221;middle&#8221; align_horizontal=&#8221;align_center&#8221; gutter_size=&#8221;3&#8243; overlay_alpha=&#8221;50&#8243; shift_x=&#8221;0&#8243; shift_y=&#8221;0&#8243; shift_y_down=&#8221;0&#8243; z_index=&#8221;0&#8243; medium_width=&#8221;0&#8243; mobile_width=&#8221;0&#8243; width=&#8221;1\/2&#8243;][vc_single_image media=&#8221;86891&#8243; media_width_percent=&#8221;100&#8243; media_ratio=&#8221;one-one&#8221; alignment=&#8221;center&#8221; media_link=&#8221;url:https%3A%2F%2Fweddingnetwork.se%2F|target:_blank|&#8221;][\/vc_column_inner][vc_column_inner column_width_percent=&#8221;100&#8243; position_vertical=&#8221;middle&#8221; align_horizontal=&#8221;align_center&#8221; gutter_size=&#8221;3&#8243; overlay_alpha=&#8221;50&#8243; shift_x=&#8221;0&#8243; shift_y=&#8221;0&#8243; shift_y_down=&#8221;0&#8243; z_index=&#8221;0&#8243; medium_width=&#8221;0&#8243; mobile_width=&#8221;0&#8243; width=&#8221;1\/2&#8243;][vc_single_image media=&#8221;86909&#8243; media_width_percent=&#8221;80&#8243; media_ratio=&#8221;one-one&#8221; alignment=&#8221;center&#8221;][\/vc_column_inner][\/vc_row_inner][vc_custom_heading text_weight=&#8221;200&#8243;]Proud member of The Wedding Network Sweden and Brollopsfotografer.com<\/p>\n<p>[\/vc_custom_heading][\/vc_column][\/vc_row]<\/p>\n<\/div>","protected":false},"excerpt":{"rendered":"<p>[vc_row row_height_percent=&#8221;0&#8243; override_padding=&#8221;yes&#8221; h_padding=&#8221;0&#8243; top_padding=&#8221;0&#8243; bottom_padding=&#8221;0&#8243; overlay_alpha=&#8221;50&#8243; gutter_size=&#8221;0&#8243; column_width_percent=&#8221;100&#8243; shift_y=&#8221;0&#8243; z_index=&#8221;0&#8243;][vc_column column_width_percent=&#8221;100&#8243; gutter_size=&#8221;3&#8243; overlay_alpha=&#8221;50&#8243; shift_x=&#8221;0&#8243; shift_y=&#8221;0&#8243; shift_y_down=&#8221;0&#8243; z_index=&#8221;0&#8243; medium_width=&#8221;0&#8243; mobile_width=&#8221;0&#8243; [&hellip;]<\/p>\n","protected":false},"author":1,"featured_media":86678,"parent":0,"menu_order":0,"comment_status":"closed","ping_status":"closed","template":"","meta":{"_monsterinsights_skip_tracking":false,"_monsterinsights_sitenote_active":false,"_monsterinsights_sitenote_note":"","_monsterinsights_sitenote_category":0,"footnotes":""},"class_list":["post-86742","page","type-page","status-publish","has-post-thumbnail","hentry","page_category-classic-en"],"yoast_head":"<!-- This site is optimized with the Yoast SEO plugin v27.4 - https:\/\/yoast.com\/product\/yoast-seo-wordpress\/ -->\n<title>Wedding Photographer Stockholm | Mathias Cederholm<\/title>\n<meta name=\"description\" content=\"Wedding Photographer Stockholm V\u00e4ster\u00e5s \/\/ Are you looking for a wedding photographer? Hit me up and we can figure out how to create awesome images together!\" \/>\n<meta name=\"robots\" content=\"index, follow, max-snippet:-1, max-image-preview:large, max-video-preview:-1\" \/>\n<link rel=\"canonical\" href=\"https:\/\/mathiascederholm.com\/en\/\" \/>\n<meta property=\"og:locale\" content=\"en_US\" \/>\n<meta property=\"og:type\" content=\"article\" \/>\n<meta property=\"og:title\" content=\"Wedding Photographer Stockholm | Mathias Cederholm\" \/>\n<meta property=\"og:description\" content=\"Wedding Photographer Stockholm V\u00e4ster\u00e5s \/\/ Are you looking for a wedding photographer? Hit me up and we can figure out how to create awesome images together!\" \/>\n<meta property=\"og:url\" content=\"https:\/\/mathiascederholm.com\/en\/\" \/>\n<meta property=\"og:site_name\" content=\"Br\u00f6llopsfotograf Stockholm \/\/ Wedding Photographer Stockholm Mathias Cederholm\" \/>\n<meta property=\"article:publisher\" content=\"https:\/\/www.facebook.com\/Mathias-Cederholm-Photography-248750788503888\/?ref=hl\" \/>\n<meta property=\"article:modified_time\" content=\"2020-11-04T11:34:22+00:00\" \/>\n<meta property=\"og:image\" content=\"https:\/\/mathiascederholm.com\/wp-content\/uploads\/2020\/10\/Mathias-Cederholm-Bro\u0308llopsfotograf-Stockholm-Va\u0308stera\u030as-1010-1.jpg\" \/>\n\t<meta property=\"og:image:width\" content=\"2048\" \/>\n\t<meta property=\"og:image:height\" content=\"1170\" \/>\n\t<meta property=\"og:image:type\" content=\"image\/jpeg\" \/>\n<meta name=\"twitter:card\" content=\"summary_large_image\" \/>\n<meta name=\"twitter:site\" content=\"@m_cederholm\" \/>\n<meta name=\"twitter:label1\" content=\"Est. reading time\" \/>\n\t<meta name=\"twitter:data1\" content=\"5 minutes\" \/>\n<script type=\"application\/ld+json\" class=\"yoast-schema-graph\">{\"@context\":\"https:\\\/\\\/schema.org\",\"@graph\":[{\"@type\":\"WebPage\",\"@id\":\"https:\\\/\\\/mathiascederholm.com\\\/en\\\/\",\"url\":\"https:\\\/\\\/mathiascederholm.com\\\/en\\\/\",\"name\":\"Wedding Photographer Stockholm | Mathias Cederholm\",\"isPartOf\":{\"@id\":\"https:\\\/\\\/mathiascederholm.com\\\/#website\"},\"primaryImageOfPage\":{\"@id\":\"https:\\\/\\\/mathiascederholm.com\\\/en\\\/#primaryimage\"},\"image\":{\"@id\":\"https:\\\/\\\/mathiascederholm.com\\\/en\\\/#primaryimage\"},\"thumbnailUrl\":\"https:\\\/\\\/mathiascederholm.com\\\/wp-content\\\/uploads\\\/2020\\\/10\\\/Mathias-Cederholm-Bro\u0308llopsfotograf-Stockholm-Va\u0308stera\u030as-1010-1.jpg\",\"datePublished\":\"2017-05-15T09:53:55+00:00\",\"dateModified\":\"2020-11-04T11:34:22+00:00\",\"description\":\"Wedding Photographer Stockholm V\u00e4ster\u00e5s \\\/\\\/ Are you looking for a wedding photographer? Hit me up and we can figure out how to create awesome images together!\",\"breadcrumb\":{\"@id\":\"https:\\\/\\\/mathiascederholm.com\\\/en\\\/#breadcrumb\"},\"inLanguage\":\"en-US\",\"potentialAction\":[{\"@type\":\"ReadAction\",\"target\":[\"https:\\\/\\\/mathiascederholm.com\\\/en\\\/\"]}]},{\"@type\":\"ImageObject\",\"inLanguage\":\"en-US\",\"@id\":\"https:\\\/\\\/mathiascederholm.com\\\/en\\\/#primaryimage\",\"url\":\"https:\\\/\\\/mathiascederholm.com\\\/wp-content\\\/uploads\\\/2020\\\/10\\\/Mathias-Cederholm-Bro\u0308llopsfotograf-Stockholm-Va\u0308stera\u030as-1010-1.jpg\",\"contentUrl\":\"https:\\\/\\\/mathiascederholm.com\\\/wp-content\\\/uploads\\\/2020\\\/10\\\/Mathias-Cederholm-Bro\u0308llopsfotograf-Stockholm-Va\u0308stera\u030as-1010-1.jpg\",\"width\":2048,\"height\":1170},{\"@type\":\"BreadcrumbList\",\"@id\":\"https:\\\/\\\/mathiascederholm.com\\\/en\\\/#breadcrumb\",\"itemListElement\":[{\"@type\":\"ListItem\",\"position\":1,\"name\":\"Home\",\"item\":\"https:\\\/\\\/mathiascederholm.com\\\/en\\\/\"},{\"@type\":\"ListItem\",\"position\":2,\"name\":\"Wedding Photographer Stockholm | Mathias Cederholm\"}]},{\"@type\":\"WebSite\",\"@id\":\"https:\\\/\\\/mathiascederholm.com\\\/#website\",\"url\":\"https:\\\/\\\/mathiascederholm.com\\\/\",\"name\":\"Br\u00f6llopsfotograf Stockholm \\\/\\\/ Wedding Photographer Stockholm Mathias Cederholm\",\"description\":\"Br\u00f6llopsfotograf Stockholm - kreativa och moderna br\u00f6llopsfoton f\u00f6r par med stil. Foton som ber\u00e4ttar er historia och visar er k\u00e4rlek f\u00f6r varandra.\",\"publisher\":{\"@id\":\"https:\\\/\\\/mathiascederholm.com\\\/#organization\"},\"potentialAction\":[{\"@type\":\"SearchAction\",\"target\":{\"@type\":\"EntryPoint\",\"urlTemplate\":\"https:\\\/\\\/mathiascederholm.com\\\/?s={search_term_string}\"},\"query-input\":{\"@type\":\"PropertyValueSpecification\",\"valueRequired\":true,\"valueName\":\"search_term_string\"}}],\"inLanguage\":\"en-US\"},{\"@type\":\"Organization\",\"@id\":\"https:\\\/\\\/mathiascederholm.com\\\/#organization\",\"name\":\"Mathias Cederholm Br\u00f6llopsfotograf\",\"url\":\"https:\\\/\\\/mathiascederholm.com\\\/\",\"logo\":{\"@type\":\"ImageObject\",\"inLanguage\":\"en-US\",\"@id\":\"https:\\\/\\\/mathiascederholm.com\\\/#\\\/schema\\\/logo\\\/image\\\/\",\"url\":\"\",\"contentUrl\":\"\",\"caption\":\"Mathias Cederholm Br\u00f6llopsfotograf\"},\"image\":{\"@id\":\"https:\\\/\\\/mathiascederholm.com\\\/#\\\/schema\\\/logo\\\/image\\\/\"},\"sameAs\":[\"https:\\\/\\\/www.facebook.com\\\/Mathias-Cederholm-Photography-248750788503888\\\/?ref=hl\",\"https:\\\/\\\/x.com\\\/m_cederholm\"]}]}<\/script>\n<!-- \/ Yoast SEO plugin. -->","yoast_head_json":{"title":"Wedding Photographer Stockholm | Mathias Cederholm","description":"Wedding Photographer Stockholm V\u00e4ster\u00e5s \/\/ Are you looking for a wedding photographer? Hit me up and we can figure out how to create awesome images together!","robots":{"index":"index","follow":"follow","max-snippet":"max-snippet:-1","max-image-preview":"max-image-preview:large","max-video-preview":"max-video-preview:-1"},"canonical":"https:\/\/mathiascederholm.com\/en\/","og_locale":"en_US","og_type":"article","og_title":"Wedding Photographer Stockholm | Mathias Cederholm","og_description":"Wedding Photographer Stockholm V\u00e4ster\u00e5s \/\/ Are you looking for a wedding photographer? Hit me up and we can figure out how to create awesome images together!","og_url":"https:\/\/mathiascederholm.com\/en\/","og_site_name":"Br\u00f6llopsfotograf Stockholm \/\/ Wedding Photographer Stockholm Mathias Cederholm","article_publisher":"https:\/\/www.facebook.com\/Mathias-Cederholm-Photography-248750788503888\/?ref=hl","article_modified_time":"2020-11-04T11:34:22+00:00","og_image":[{"width":2048,"height":1170,"url":"https:\/\/mathiascederholm.com\/wp-content\/uploads\/2020\/10\/Mathias-Cederholm-Bro\u0308llopsfotograf-Stockholm-Va\u0308stera\u030as-1010-1.jpg","type":"image\/jpeg"}],"twitter_card":"summary_large_image","twitter_site":"@m_cederholm","twitter_misc":{"Est. reading time":"5 minutes"},"schema":{"@context":"https:\/\/schema.org","@graph":[{"@type":"WebPage","@id":"https:\/\/mathiascederholm.com\/en\/","url":"https:\/\/mathiascederholm.com\/en\/","name":"Wedding Photographer Stockholm | Mathias Cederholm","isPartOf":{"@id":"https:\/\/mathiascederholm.com\/#website"},"primaryImageOfPage":{"@id":"https:\/\/mathiascederholm.com\/en\/#primaryimage"},"image":{"@id":"https:\/\/mathiascederholm.com\/en\/#primaryimage"},"thumbnailUrl":"https:\/\/mathiascederholm.com\/wp-content\/uploads\/2020\/10\/Mathias-Cederholm-Bro\u0308llopsfotograf-Stockholm-Va\u0308stera\u030as-1010-1.jpg","datePublished":"2017-05-15T09:53:55+00:00","dateModified":"2020-11-04T11:34:22+00:00","description":"Wedding Photographer Stockholm V\u00e4ster\u00e5s \/\/ Are you looking for a wedding photographer? Hit me up and we can figure out how to create awesome images together!","breadcrumb":{"@id":"https:\/\/mathiascederholm.com\/en\/#breadcrumb"},"inLanguage":"en-US","potentialAction":[{"@type":"ReadAction","target":["https:\/\/mathiascederholm.com\/en\/"]}]},{"@type":"ImageObject","inLanguage":"en-US","@id":"https:\/\/mathiascederholm.com\/en\/#primaryimage","url":"https:\/\/mathiascederholm.com\/wp-content\/uploads\/2020\/10\/Mathias-Cederholm-Bro\u0308llopsfotograf-Stockholm-Va\u0308stera\u030as-1010-1.jpg","contentUrl":"https:\/\/mathiascederholm.com\/wp-content\/uploads\/2020\/10\/Mathias-Cederholm-Bro\u0308llopsfotograf-Stockholm-Va\u0308stera\u030as-1010-1.jpg","width":2048,"height":1170},{"@type":"BreadcrumbList","@id":"https:\/\/mathiascederholm.com\/en\/#breadcrumb","itemListElement":[{"@type":"ListItem","position":1,"name":"Home","item":"https:\/\/mathiascederholm.com\/en\/"},{"@type":"ListItem","position":2,"name":"Wedding Photographer Stockholm | Mathias Cederholm"}]},{"@type":"WebSite","@id":"https:\/\/mathiascederholm.com\/#website","url":"https:\/\/mathiascederholm.com\/","name":"Br\u00f6llopsfotograf Stockholm \/\/ Wedding Photographer Stockholm Mathias Cederholm","description":"Br\u00f6llopsfotograf Stockholm - kreativa och moderna br\u00f6llopsfoton f\u00f6r par med stil. Foton som ber\u00e4ttar er historia och visar er k\u00e4rlek f\u00f6r varandra.","publisher":{"@id":"https:\/\/mathiascederholm.com\/#organization"},"potentialAction":[{"@type":"SearchAction","target":{"@type":"EntryPoint","urlTemplate":"https:\/\/mathiascederholm.com\/?s={search_term_string}"},"query-input":{"@type":"PropertyValueSpecification","valueRequired":true,"valueName":"search_term_string"}}],"inLanguage":"en-US"},{"@type":"Organization","@id":"https:\/\/mathiascederholm.com\/#organization","name":"Mathias Cederholm Br\u00f6llopsfotograf","url":"https:\/\/mathiascederholm.com\/","logo":{"@type":"ImageObject","inLanguage":"en-US","@id":"https:\/\/mathiascederholm.com\/#\/schema\/logo\/image\/","url":"","contentUrl":"","caption":"Mathias Cederholm Br\u00f6llopsfotograf"},"image":{"@id":"https:\/\/mathiascederholm.com\/#\/schema\/logo\/image\/"},"sameAs":["https:\/\/www.facebook.com\/Mathias-Cederholm-Photography-248750788503888\/?ref=hl","https:\/\/x.com\/m_cederholm"]}]}},"jetpack_shortlink":"https:\/\/wp.me\/P5p9H9-mz4","jetpack_sharing_enabled":true,"_links":{"self":[{"href":"https:\/\/mathiascederholm.com\/en\/wp-json\/wp\/v2\/pages\/86742","targetHints":{"allow":["GET"]}}],"collection":[{"href":"https:\/\/mathiascederholm.com\/en\/wp-json\/wp\/v2\/pages"}],"about":[{"href":"https:\/\/mathiascederholm.com\/en\/wp-json\/wp\/v2\/types\/page"}],"author":[{"embeddable":true,"href":"https:\/\/mathiascederholm.com\/en\/wp-json\/wp\/v2\/users\/1"}],"replies":[{"embeddable":true,"href":"https:\/\/mathiascederholm.com\/en\/wp-json\/wp\/v2\/comments?post=86742"}],"version-history":[{"count":21,"href":"https:\/\/mathiascederholm.com\/en\/wp-json\/wp\/v2\/pages\/86742\/revisions"}],"predecessor-version":[{"id":86961,"href":"https:\/\/mathiascederholm.com\/en\/wp-json\/wp\/v2\/pages\/86742\/revisions\/86961"}],"wp:featuredmedia":[{"embeddable":true,"href":"https:\/\/mathiascederholm.com\/en\/wp-json\/wp\/v2\/media\/86678"}],"wp:attachment":[{"href":"https:\/\/mathiascederholm.com\/en\/wp-json\/wp\/v2\/media?parent=86742"}],"curies":[{"name":"wp","href":"https:\/\/api.w.org\/{rel}","templated":true}]}}