{"id":9078,"date":"2015-11-18T12:52:37","date_gmt":"2015-11-18T11:52:37","guid":{"rendered":"http:\/\/mathiascederholm.com\/?page_id=9078"},"modified":"2015-11-18T12:52:37","modified_gmt":"2015-11-18T11:52:37","slug":"portrait-photographer","status":"publish","type":"page","link":"https:\/\/mathiascederholm.com\/en\/portrait-photographer\/","title":{"rendered":"Portrait Photographer"},"content":{"rendered":"<h1>Portrait Photographer<\/h1>\n<p>Looking for some portraits of yourself, your family or perhaps your dog? Drop me a line using the form below and we&#8217;ll take it from there.<\/p>\n<p><img decoding=\"async\" id=\"pp-grid-article_1392027601\" class=\"pp-grid-placeholder pp-grid-type-selected_articles\" style=\"display: none;\" src=\"http:\/\/prophoto.s3.amazonaws.com\/img\/pp-grid-placeholder-selected_articles.jpg\" alt=\"\" \/>Portrait sessions start at 2.900kr and includes 30-100 high-resolution images depending on the length and content of the session.<\/p>\n<p>[iphorm id=&#8221;2&#8243; name=&#8221;Portrait&#8221;]<\/p>\n","protected":false},"excerpt":{"rendered":"<p>Portrait Photographer Looking for some portraits of yourself, your family or perhaps your dog? Drop me a line using the [&hellip;]<\/p>\n","protected":false},"author":1,"featured_media":0,"parent":0,"menu_order":0,"comment_status":"closed","ping_status":"closed","template":"","meta":{"_monsterinsights_skip_tracking":false,"_monsterinsights_sitenote_active":false,"_monsterinsights_sitenote_note":"","_monsterinsights_sitenote_category":0,"footnotes":""},"class_list":["post-9078","page","type-page","status-publish","hentry"],"yoast_head":"<!-- This site is optimized with the Yoast SEO plugin v27.4 - https:\/\/yoast.com\/product\/yoast-seo-wordpress\/ -->\n<title>Portrait Photographer<\/title>\n<meta name=\"description\" content=\"Looing for a portrait photographer for yourself, your family or your dog? Drop me a line at info@mathiascederholm.com and we&#039;ll take it from there.\" \/>\n<meta name=\"robots\" content=\"index, follow, max-snippet:-1, max-image-preview:large, max-video-preview:-1\" \/>\n<link rel=\"canonical\" href=\"https:\/\/mathiascederholm.com\/en\/portrait-photographer\/\" \/>\n<meta property=\"og:locale\" content=\"en_US\" \/>\n<meta property=\"og:type\" content=\"article\" \/>\n<meta property=\"og:title\" content=\"Portrait Photographer\" \/>\n<meta property=\"og:description\" content=\"Looing for a portrait photographer for yourself, your family or your dog? Drop me a line at info@mathiascederholm.com and we&#039;ll take it from there.\" \/>\n<meta property=\"og:url\" content=\"https:\/\/mathiascederholm.com\/en\/portrait-photographer\/\" \/>\n<meta property=\"og:site_name\" content=\"Br\u00f6llopsfotograf Stockholm \/\/ Wedding Photographer Stockholm Mathias Cederholm\" \/>\n<meta property=\"article:publisher\" content=\"https:\/\/www.facebook.com\/Mathias-Cederholm-Photography-248750788503888\/?ref=hl\" \/>\n<meta property=\"og:image\" content=\"http:\/\/prophoto.s3.amazonaws.com\/img\/pp-grid-placeholder-selected_articles.jpg\" \/>\n<meta name=\"twitter:card\" content=\"summary_large_image\" \/>\n<meta name=\"twitter:site\" content=\"@m_cederholm\" \/>\n<script type=\"application\/ld+json\" class=\"yoast-schema-graph\">{\"@context\":\"https:\\\/\\\/schema.org\",\"@graph\":[{\"@type\":\"WebPage\",\"@id\":\"https:\\\/\\\/mathiascederholm.com\\\/en\\\/portrait-photographer\\\/\",\"url\":\"https:\\\/\\\/mathiascederholm.com\\\/en\\\/portrait-photographer\\\/\",\"name\":\"Portrait Photographer\",\"isPartOf\":{\"@id\":\"https:\\\/\\\/mathiascederholm.com\\\/#website\"},\"primaryImageOfPage\":{\"@id\":\"https:\\\/\\\/mathiascederholm.com\\\/en\\\/portrait-photographer\\\/#primaryimage\"},\"image\":{\"@id\":\"https:\\\/\\\/mathiascederholm.com\\\/en\\\/portrait-photographer\\\/#primaryimage\"},\"thumbnailUrl\":\"http:\\\/\\\/prophoto.s3.amazonaws.com\\\/img\\\/pp-grid-placeholder-selected_articles.jpg\",\"datePublished\":\"2015-11-18T11:52:37+00:00\",\"description\":\"Looing for a portrait photographer for yourself, your family or your dog? Drop me a line at info@mathiascederholm.com and we'll take it from there.\",\"breadcrumb\":{\"@id\":\"https:\\\/\\\/mathiascederholm.com\\\/en\\\/portrait-photographer\\\/#breadcrumb\"},\"inLanguage\":\"en-US\",\"potentialAction\":[{\"@type\":\"ReadAction\",\"target\":[\"https:\\\/\\\/mathiascederholm.com\\\/en\\\/portrait-photographer\\\/\"]}]},{\"@type\":\"ImageObject\",\"inLanguage\":\"en-US\",\"@id\":\"https:\\\/\\\/mathiascederholm.com\\\/en\\\/portrait-photographer\\\/#primaryimage\",\"url\":\"http:\\\/\\\/prophoto.s3.amazonaws.com\\\/img\\\/pp-grid-placeholder-selected_articles.jpg\",\"contentUrl\":\"http:\\\/\\\/prophoto.s3.amazonaws.com\\\/img\\\/pp-grid-placeholder-selected_articles.jpg\"},{\"@type\":\"BreadcrumbList\",\"@id\":\"https:\\\/\\\/mathiascederholm.com\\\/en\\\/portrait-photographer\\\/#breadcrumb\",\"itemListElement\":[{\"@type\":\"ListItem\",\"position\":1,\"name\":\"Home\",\"item\":\"https:\\\/\\\/mathiascederholm.com\\\/en\\\/\"},{\"@type\":\"ListItem\",\"position\":2,\"name\":\"Portrait Photographer\"}]},{\"@type\":\"WebSite\",\"@id\":\"https:\\\/\\\/mathiascederholm.com\\\/#website\",\"url\":\"https:\\\/\\\/mathiascederholm.com\\\/\",\"name\":\"Br\u00f6llopsfotograf Stockholm \\\/\\\/ Wedding Photographer Stockholm Mathias Cederholm\",\"description\":\"Br\u00f6llopsfotograf Stockholm - kreativa och moderna br\u00f6llopsfoton f\u00f6r par med stil. Foton som ber\u00e4ttar er historia och visar er k\u00e4rlek f\u00f6r varandra.\",\"publisher\":{\"@id\":\"https:\\\/\\\/mathiascederholm.com\\\/#organization\"},\"potentialAction\":[{\"@type\":\"SearchAction\",\"target\":{\"@type\":\"EntryPoint\",\"urlTemplate\":\"https:\\\/\\\/mathiascederholm.com\\\/?s={search_term_string}\"},\"query-input\":{\"@type\":\"PropertyValueSpecification\",\"valueRequired\":true,\"valueName\":\"search_term_string\"}}],\"inLanguage\":\"en-US\"},{\"@type\":\"Organization\",\"@id\":\"https:\\\/\\\/mathiascederholm.com\\\/#organization\",\"name\":\"Mathias Cederholm Br\u00f6llopsfotograf\",\"url\":\"https:\\\/\\\/mathiascederholm.com\\\/\",\"logo\":{\"@type\":\"ImageObject\",\"inLanguage\":\"en-US\",\"@id\":\"https:\\\/\\\/mathiascederholm.com\\\/#\\\/schema\\\/logo\\\/image\\\/\",\"url\":\"\",\"contentUrl\":\"\",\"caption\":\"Mathias Cederholm Br\u00f6llopsfotograf\"},\"image\":{\"@id\":\"https:\\\/\\\/mathiascederholm.com\\\/#\\\/schema\\\/logo\\\/image\\\/\"},\"sameAs\":[\"https:\\\/\\\/www.facebook.com\\\/Mathias-Cederholm-Photography-248750788503888\\\/?ref=hl\",\"https:\\\/\\\/x.com\\\/m_cederholm\"]}]}<\/script>\n<!-- \/ Yoast SEO plugin. -->","yoast_head_json":{"title":"Portrait Photographer","description":"Looing for a portrait photographer for yourself, your family or your dog? Drop me a line at info@mathiascederholm.com and we'll take it from there.","robots":{"index":"index","follow":"follow","max-snippet":"max-snippet:-1","max-image-preview":"max-image-preview:large","max-video-preview":"max-video-preview:-1"},"canonical":"https:\/\/mathiascederholm.com\/en\/portrait-photographer\/","og_locale":"en_US","og_type":"article","og_title":"Portrait Photographer","og_description":"Looing for a portrait photographer for yourself, your family or your dog? Drop me a line at info@mathiascederholm.com and we'll take it from there.","og_url":"https:\/\/mathiascederholm.com\/en\/portrait-photographer\/","og_site_name":"Br\u00f6llopsfotograf Stockholm \/\/ Wedding Photographer Stockholm Mathias Cederholm","article_publisher":"https:\/\/www.facebook.com\/Mathias-Cederholm-Photography-248750788503888\/?ref=hl","og_image":[{"url":"http:\/\/prophoto.s3.amazonaws.com\/img\/pp-grid-placeholder-selected_articles.jpg","type":"","width":"","height":""}],"twitter_card":"summary_large_image","twitter_site":"@m_cederholm","schema":{"@context":"https:\/\/schema.org","@graph":[{"@type":"WebPage","@id":"https:\/\/mathiascederholm.com\/en\/portrait-photographer\/","url":"https:\/\/mathiascederholm.com\/en\/portrait-photographer\/","name":"Portrait Photographer","isPartOf":{"@id":"https:\/\/mathiascederholm.com\/#website"},"primaryImageOfPage":{"@id":"https:\/\/mathiascederholm.com\/en\/portrait-photographer\/#primaryimage"},"image":{"@id":"https:\/\/mathiascederholm.com\/en\/portrait-photographer\/#primaryimage"},"thumbnailUrl":"http:\/\/prophoto.s3.amazonaws.com\/img\/pp-grid-placeholder-selected_articles.jpg","datePublished":"2015-11-18T11:52:37+00:00","description":"Looing for a portrait photographer for yourself, your family or your dog? Drop me a line at info@mathiascederholm.com and we'll take it from there.","breadcrumb":{"@id":"https:\/\/mathiascederholm.com\/en\/portrait-photographer\/#breadcrumb"},"inLanguage":"en-US","potentialAction":[{"@type":"ReadAction","target":["https:\/\/mathiascederholm.com\/en\/portrait-photographer\/"]}]},{"@type":"ImageObject","inLanguage":"en-US","@id":"https:\/\/mathiascederholm.com\/en\/portrait-photographer\/#primaryimage","url":"http:\/\/prophoto.s3.amazonaws.com\/img\/pp-grid-placeholder-selected_articles.jpg","contentUrl":"http:\/\/prophoto.s3.amazonaws.com\/img\/pp-grid-placeholder-selected_articles.jpg"},{"@type":"BreadcrumbList","@id":"https:\/\/mathiascederholm.com\/en\/portrait-photographer\/#breadcrumb","itemListElement":[{"@type":"ListItem","position":1,"name":"Home","item":"https:\/\/mathiascederholm.com\/en\/"},{"@type":"ListItem","position":2,"name":"Portrait Photographer"}]},{"@type":"WebSite","@id":"https:\/\/mathiascederholm.com\/#website","url":"https:\/\/mathiascederholm.com\/","name":"Br\u00f6llopsfotograf Stockholm \/\/ Wedding Photographer Stockholm Mathias Cederholm","description":"Br\u00f6llopsfotograf Stockholm - kreativa och moderna br\u00f6llopsfoton f\u00f6r par med stil. Foton som ber\u00e4ttar er historia och visar er k\u00e4rlek f\u00f6r varandra.","publisher":{"@id":"https:\/\/mathiascederholm.com\/#organization"},"potentialAction":[{"@type":"SearchAction","target":{"@type":"EntryPoint","urlTemplate":"https:\/\/mathiascederholm.com\/?s={search_term_string}"},"query-input":{"@type":"PropertyValueSpecification","valueRequired":true,"valueName":"search_term_string"}}],"inLanguage":"en-US"},{"@type":"Organization","@id":"https:\/\/mathiascederholm.com\/#organization","name":"Mathias Cederholm Br\u00f6llopsfotograf","url":"https:\/\/mathiascederholm.com\/","logo":{"@type":"ImageObject","inLanguage":"en-US","@id":"https:\/\/mathiascederholm.com\/#\/schema\/logo\/image\/","url":"","contentUrl":"","caption":"Mathias Cederholm Br\u00f6llopsfotograf"},"image":{"@id":"https:\/\/mathiascederholm.com\/#\/schema\/logo\/image\/"},"sameAs":["https:\/\/www.facebook.com\/Mathias-Cederholm-Photography-248750788503888\/?ref=hl","https:\/\/x.com\/m_cederholm"]}]}},"jetpack_shortlink":"https:\/\/wp.me\/P5p9H9-2mq","jetpack_sharing_enabled":true,"_links":{"self":[{"href":"https:\/\/mathiascederholm.com\/en\/wp-json\/wp\/v2\/pages\/9078","targetHints":{"allow":["GET"]}}],"collection":[{"href":"https:\/\/mathiascederholm.com\/en\/wp-json\/wp\/v2\/pages"}],"about":[{"href":"https:\/\/mathiascederholm.com\/en\/wp-json\/wp\/v2\/types\/page"}],"author":[{"embeddable":true,"href":"https:\/\/mathiascederholm.com\/en\/wp-json\/wp\/v2\/users\/1"}],"replies":[{"embeddable":true,"href":"https:\/\/mathiascederholm.com\/en\/wp-json\/wp\/v2\/comments?post=9078"}],"version-history":[{"count":1,"href":"https:\/\/mathiascederholm.com\/en\/wp-json\/wp\/v2\/pages\/9078\/revisions"}],"predecessor-version":[{"id":9079,"href":"https:\/\/mathiascederholm.com\/en\/wp-json\/wp\/v2\/pages\/9078\/revisions\/9079"}],"wp:attachment":[{"href":"https:\/\/mathiascederholm.com\/en\/wp-json\/wp\/v2\/media?parent=9078"}],"curies":[{"name":"wp","href":"https:\/\/api.w.org\/{rel}","templated":true}]}}